{"id":3695,"date":"2024-09-11T10:55:03","date_gmt":"2024-09-11T08:55:03","guid":{"rendered":"https:\/\/www.points2shop.com\/domov\/"},"modified":"2024-10-21T16:24:08","modified_gmt":"2024-10-21T14:24:08","slug":"domov","status":"publish","type":"page","link":"https:\/\/www.points2shop.com\/sl\/","title":{"rendered":"Domov"},"content":{"rendered":"\n<div class=\"wp-block-uagb-container uagb-block-59dc3870 alignfull uagb-is-root-container\">\n<div class=\"wp-block-uagb-container uagb-block-6373d093\">\n<div class=\"wp-block-uagb-container uagb-block-e01ccadd alignfull uagb-is-root-container\"><div class=\"uagb-container-inner-blocks-wrap\">\n<div class=\"wp-block-uagb-info-box uagb-block-92c28af4 uagb-infobox__content-wrap  uagb-infobox-icon-above-title uagb-infobox-image-valign-top wp-block-uagb-info-box--has-margin\"><div class=\"uagb-infobox-margin-wrapper\"><div class=\"uagb-ifb-content\"><div class=\"uagb-ifb-title-wrap\"><h1 class=\"uagb-ifb-title\">Izvedite ankete.  <br\/>Pridobite nagrade.<\/h1><\/div><p class=\"uagb-ifb-desc\">Va\u0161a mnenja so pomembna.\nPrejemajte pla\u010dilo za odgovarjanje na ankete. <\/p><div class=\"uagb-ifb-button-wrapper wp-block-button\"><a href=\"https:\/\/www.points2shop.com\/sl\/login\/\" class=\"uagb-infobox-cta-link wp-block-button__link\" target=\"_self\" rel=\"noopener noreferrer\" onclick=\"return true;\"><span class=\"uagb-inline-editing\">Pridru\u017eite se zdaj brezpla\u010dno!<\/span><\/a><\/div><\/div><\/div><\/div>\n<\/div><\/div>\n<\/div>\n<\/div>\n\n<div class=\"wp-block-uagb-container uagb-block-b8876bf9 alignfull uagb-is-root-container\"><div class=\"uagb-container-inner-blocks-wrap\">\n<div class=\"wp-block-uagb-advanced-heading uagb-block-d148b120\"><h4 class=\"uagb-heading-text\">Za\u010dnite zaslu\u017eiti danes s Points2Shop<\/h4><\/div>\n\n\n\n<div class=\"wp-block-uagb-container uagb-block-51a989dd alignfull uagb-is-root-container\"><div class=\"uagb-container-inner-blocks-wrap\">\n<div class=\"wp-block-uagb-container uagb-block-2f9ada12\">\n<div class=\"wp-block-uagb-info-box uagb-block-21179112 uagb-infobox__content-wrap  uagb-infobox-icon-left-title uagb-infobox-left uagb-infobox-image-valign-middle\"><div class=\"uagb-ifb-content\"><div class=\"uagb-ifb-left-title-image\"><div class=\"uagb-ifb-icon-wrap\"><svg xmlns=\"https:\/\/www.w3.org\/2000\/svg\" viewbox=\"0 0 512 512\"><path d=\"M416 32h-64c-17.67 0-32 14.33-32 32s14.33 32 32 32h64c17.67 0 32 14.33 32 32v256c0 17.67-14.33 32-32 32h-64c-17.67 0-32 14.33-32 32s14.33 32 32 32h64c53.02 0 96-42.98 96-96V128C512 74.98 469 32 416 32zM342.6 233.4l-128-128c-12.51-12.51-32.76-12.49-45.25 0c-12.5 12.5-12.5 32.75 0 45.25L242.8 224H32C14.31 224 0 238.3 0 256s14.31 32 32 32h210.8l-73.38 73.38c-12.5 12.5-12.5 32.75 0 45.25s32.75 12.5 45.25 0l128-128C355.1 266.1 355.1 245.9 342.6 233.4z\"><\/path><\/svg><\/div><div class=\"uagb-ifb-title-wrap\"><h6 class=\"uagb-ifb-title\">Pridru\u017eite se zdaj.<\/h6><\/div><\/div><p class=\"uagb-ifb-desc\">Prijavite se brezpla\u010dno in preverite e-po\u0161to, da preverite svoj ra\u010dun.<\/p><\/div><\/div>\n<\/div>\n\n\n\n<div class=\"wp-block-uagb-container uagb-block-51f7e024\">\n<div class=\"wp-block-uagb-info-box uagb-block-2a98b4e7 uagb-infobox__content-wrap  uagb-infobox-icon-left-title uagb-infobox-left uagb-infobox-image-valign-middle\"><div class=\"uagb-ifb-content\"><div class=\"uagb-ifb-left-title-image\"><div class=\"uagb-ifb-icon-wrap\"><svg xmlns=\"https:\/\/www.w3.org\/2000\/svg\" viewbox=\"0 0 384 512\"><path d=\"M112.1 454.3c0 6.297 1.816 12.44 5.284 17.69l17.14 25.69c5.25 7.875 17.17 14.28 26.64 14.28h61.67c9.438 0 21.36-6.401 26.61-14.28l17.08-25.68c2.938-4.438 5.348-12.37 5.348-17.7L272 415.1h-160L112.1 454.3zM191.4 .0132C89.44 .3257 16 82.97 16 175.1c0 44.38 16.44 84.84 43.56 115.8c16.53 18.84 42.34 58.23 52.22 91.45c.0313 .25 .0938 .5166 .125 .7823h160.2c.0313-.2656 .0938-.5166 .125-.7823c9.875-33.22 35.69-72.61 52.22-91.45C351.6 260.8 368 220.4 368 175.1C368 78.61 288.9-.2837 191.4 .0132zM192 96.01c-44.13 0-80 35.89-80 79.1C112 184.8 104.8 192 96 192S80 184.8 80 176c0-61.76 50.25-111.1 112-111.1c8.844 0 16 7.159 16 16S200.8 96.01 192 96.01z\"><\/path><\/svg><\/div><div class=\"uagb-ifb-title-wrap\"><h6 class=\"uagb-ifb-title\">Izvedite ankete.<\/h6><\/div><\/div><p class=\"uagb-ifb-desc\">Izpolnite spletne ankete in zaslu\u017eite dodaten denar.<\/p><\/div><\/div>\n<\/div>\n\n\n\n<div class=\"wp-block-uagb-container uagb-block-4ed95087\">\n<div class=\"wp-block-uagb-info-box uagb-block-22c4462b uagb-infobox__content-wrap  uagb-infobox-icon-left-title uagb-infobox-left uagb-infobox-image-valign-middle\"><div class=\"uagb-ifb-content\"><div class=\"uagb-ifb-left-title-image\"><div class=\"uagb-ifb-icon-wrap\"><svg xmlns=\"https:\/\/www.w3.org\/2000\/svg\" viewbox=\"0 0 512 512\"><path d=\"M320 96H192L144.6 24.88C137.5 14.24 145.1 0 157.9 0H354.1C366.9 0 374.5 14.24 367.4 24.88L320 96zM192 128H320C323.8 130.5 328.1 133.3 332.1 136.4C389.7 172.7 512 250.9 512 416C512 469 469 512 416 512H96C42.98 512 0 469 0 416C0 250.9 122.3 172.7 179 136.4C183.9 133.3 188.2 130.5 192 128V128zM276.1 224C276.1 212.9 267.1 203.9 255.1 203.9C244.9 203.9 235.9 212.9 235.9 224V230C230.3 231.2 224.1 232.9 220 235.1C205.1 241.9 192.1 254.5 188.9 272.8C187.1 283 188.1 292.9 192.3 301.8C196.5 310.6 203 316.8 209.6 321.3C221.2 329.2 236.5 333.8 248.2 337.3L250.4 337.9C264.4 342.2 273.8 345.3 279.7 349.6C282.2 351.4 283.1 352.8 283.4 353.7C283.8 354.5 284.4 356.3 283.7 360.3C283.1 363.8 281.2 366.8 275.7 369.1C269.6 371.7 259.7 373 246.9 371C240.9 370 230.2 366.4 220.7 363.2C218.5 362.4 216.3 361.7 214.3 361C203.8 357.5 192.5 363.2 189 373.7C185.5 384.2 191.2 395.5 201.7 398.1C202.9 399.4 204.4 399.9 206.1 400.5C213.1 403.2 226.4 407.4 235.9 409.6V416C235.9 427.1 244.9 436.1 255.1 436.1C267.1 436.1 276.1 427.1 276.1 416V410.5C281.4 409.5 286.6 407.1 291.4 405.9C307.2 399.2 319.8 386.2 323.1 367.2C324.9 356.8 324.1 346.8 320.1 337.7C316.2 328.7 309.9 322.1 303.2 317.3C291.1 308.4 274.9 303.6 262.8 299.9L261.1 299.7C247.8 295.4 238.2 292.4 232.1 288.2C229.5 286.4 228.7 285.2 228.5 284.7C228.3 284.3 227.7 283.1 228.3 279.7C228.7 277.7 230.2 274.4 236.5 271.6C242.1 268.7 252.9 267.1 265.1 268.1C269.5 269.7 283 272.3 286.9 273.3C297.5 276.2 308.5 269.8 311.3 259.1C314.2 248.5 307.8 237.5 297.1 234.7C292.7 233.5 282.7 231.5 276.1 230.3L276.1 224z\"><\/path><\/svg><\/div><div class=\"uagb-ifb-title-wrap\"><h6 class=\"uagb-ifb-title\"><strong>Prejemite pla\u010dilo.<\/strong><\/h6><\/div><\/div><p class=\"uagb-ifb-desc\">Na\u0161 nagradni program ponuja priljubljene darilne kartice in izpla\u010dila prek sistema PayPal.<\/p><\/div><\/div>\n<\/div>\n<\/div><\/div>\n\n\n\n<div class=\"wp-block-uagb-buttons uagb-buttons__outer-wrap uagb-btn__default-btn uagb-btn-tablet__default-btn uagb-btn-mobile__default-btn uagb-block-a796556b\"><div class=\"uagb-buttons__wrap uagb-buttons-layout-wrap \">\n<div class=\"wp-block-uagb-buttons-child uagb-buttons__outer-wrap uagb-block-06344e7c wp-block-button\"><div class=\"uagb-button__wrapper\"><a class=\"uagb-buttons-repeater wp-block-button__link\" aria-label=\"\" href=\"https:\/\/www.points2shop.com\/sl\/login\/\" rel=\"follow noopener\" target=\"_self\" role=\"button\"><div class=\"uagb-button__link\">Pridru\u017eite se brezpla\u010dno<\/div><\/a><\/div><\/div>\n<\/div><\/div>\n<\/div><\/div>\n\n<div class=\"wp-block-uagb-container uagb-block-a11946f7 alignfull uagb-is-root-container\"><div class=\"uagb-container-inner-blocks-wrap\">\n<div class=\"wp-block-uagb-container uagb-block-f7bb54e7\">\n<div class=\"wp-block-uagb-info-box uagb-block-1b0a1e2e uagb-infobox__content-wrap  uagb-infobox-icon-above-title uagb-infobox-image-valign-top wp-block-uagb-info-box--has-margin\"><div class=\"uagb-infobox-margin-wrapper\"><div class=\"uagb-ifb-content\"><div class=\"uagb-ifb-title-wrap\"><h4 class=\"uagb-ifb-title\">Prejemajte pla\u010dilo za odgovarjanje na ankete.\nKadarkoli.\nKjerkoli.  <\/h4><\/div><p class=\"uagb-ifb-desc\">Poskrbite, da bo va\u0161 glas sli\u0161an.\nIzpolnite spletne ankete, ne glede na to, kje ste.\nVedno je \u010das za zaslu\u017eek.    <\/p><div class=\"uagb-ifb-button-wrapper wp-block-button\"><a href=\"https:\/\/www.points2shop.com\/sl\/login\/\" class=\"uagb-infobox-cta-link wp-block-button__link\" target=\"_self\" rel=\"noopener noreferrer\" onclick=\"return true;\"><span class=\"uagb-inline-editing\">Pridru\u017eite se brezpla\u010dno<\/span><\/a><\/div><\/div><\/div><\/div>\n<\/div>\n\n\n\n<div class=\"wp-block-uagb-container uagb-block-b324654b\">\n<div class=\"wp-block-uagb-container uagb-block-e25279db\">\n<div class=\"wp-block-uagb-info-box uagb-block-16f4c2d4 uagb-infobox__content-wrap  uagb-infobox-icon-above-title uagb-infobox-image-valign-top wp-block-uagb-info-box--has-margin\"><div class=\"uagb-infobox-margin-wrapper\"><div class=\"uagb-ifb-content\"><div class=\"uagb-ifb-icon-wrap\"><svg xmlns=\"https:\/\/www.w3.org\/2000\/svg\" viewbox=\"0 0 640 512\"><path d=\"M0 383.9l64 .0404c17.75 0 32-14.29 32-32.03V128.3L0 128.3V383.9zM48 320.1c8.75 0 16 7.118 16 15.99c0 8.742-7.25 15.99-16 15.99S32 344.8 32 336.1C32 327.2 39.25 320.1 48 320.1zM348.8 64c-7.941 0-15.66 2.969-21.52 8.328L228.9 162.3C228.8 162.5 228.8 162.7 228.6 162.7C212 178.3 212.3 203.2 226.5 218.7c12.75 13.1 39.38 17.62 56.13 2.75C282.8 221.3 282.9 221.3 283 221.2l79.88-73.1c6.5-5.871 16.75-5.496 22.62 1c6 6.496 5.5 16.62-1 22.62l-26.12 23.87L504 313.7c2.875 2.496 5.5 4.996 7.875 7.742V127.1c-40.98-40.96-96.48-63.88-154.4-63.88L348.8 64zM334.6 217.4l-30 27.49c-29.75 27.11-75.25 24.49-101.8-4.371C176 211.2 178.1 165.7 207.3 138.9L289.1 64H282.5C224.7 64 169.1 87.08 128.2 127.9L128 351.8l18.25 .0369l90.5 81.82c27.5 22.37 67.75 18.12 90-9.246l18.12 15.24c15.88 12.1 39.38 10.5 52.38-5.371l31.38-38.6l5.374 4.498c13.75 11 33.88 9.002 45-4.748l9.538-11.78c11.12-13.75 9.036-33.78-4.694-44.93L334.6 217.4zM544 128.4v223.6c0 17.62 14.25 32.05 31.1 32.05L640 384V128.1L544 128.4zM592 352c-8.75 0-16-7.246-16-15.99c0-8.875 7.25-15.99 16-15.99S608 327.2 608 336.1C608 344.8 600.8 352 592 352z\"><\/path><\/svg><\/div><div class=\"uagb-ifb-title-wrap\"><\/div><p class=\"uagb-ifb-desc\">Va\u0161i pristni odgovori so neprecenljivi.  <\/p><\/div><\/div><\/div>\n<\/div>\n\n\n\n<div class=\"wp-block-uagb-container uagb-block-89f5533b\">\n<div class=\"wp-block-uagb-info-box uagb-block-568f0317 uagb-infobox__content-wrap  uagb-infobox-icon-above-title uagb-infobox-image-valign-top\"><div class=\"uagb-ifb-content\"><div class=\"uagb-ifb-icon-wrap\"><svg xmlns=\"https:\/\/www.w3.org\/2000\/svg\" viewbox=\"0 0 512 512\"><path d=\"M320 96H192L144.6 24.88C137.5 14.24 145.1 0 157.9 0H354.1C366.9 0 374.5 14.24 367.4 24.88L320 96zM192 128H320C323.8 130.5 328.1 133.3 332.1 136.4C389.7 172.7 512 250.9 512 416C512 469 469 512 416 512H96C42.98 512 0 469 0 416C0 250.9 122.3 172.7 179 136.4C183.9 133.3 188.2 130.5 192 128V128zM276.1 224C276.1 212.9 267.1 203.9 255.1 203.9C244.9 203.9 235.9 212.9 235.9 224V230C230.3 231.2 224.1 232.9 220 235.1C205.1 241.9 192.1 254.5 188.9 272.8C187.1 283 188.1 292.9 192.3 301.8C196.5 310.6 203 316.8 209.6 321.3C221.2 329.2 236.5 333.8 248.2 337.3L250.4 337.9C264.4 342.2 273.8 345.3 279.7 349.6C282.2 351.4 283.1 352.8 283.4 353.7C283.8 354.5 284.4 356.3 283.7 360.3C283.1 363.8 281.2 366.8 275.7 369.1C269.6 371.7 259.7 373 246.9 371C240.9 370 230.2 366.4 220.7 363.2C218.5 362.4 216.3 361.7 214.3 361C203.8 357.5 192.5 363.2 189 373.7C185.5 384.2 191.2 395.5 201.7 398.1C202.9 399.4 204.4 399.9 206.1 400.5C213.1 403.2 226.4 407.4 235.9 409.6V416C235.9 427.1 244.9 436.1 255.1 436.1C267.1 436.1 276.1 427.1 276.1 416V410.5C281.4 409.5 286.6 407.1 291.4 405.9C307.2 399.2 319.8 386.2 323.1 367.2C324.9 356.8 324.1 346.8 320.1 337.7C316.2 328.7 309.9 322.1 303.2 317.3C291.1 308.4 274.9 303.6 262.8 299.9L261.1 299.7C247.8 295.4 238.2 292.4 232.1 288.2C229.5 286.4 228.7 285.2 228.5 284.7C228.3 284.3 227.7 283.1 228.3 279.7C228.7 277.7 230.2 274.4 236.5 271.6C242.1 268.7 252.9 267.1 265.1 268.1C269.5 269.7 283 272.3 286.9 273.3C297.5 276.2 308.5 269.8 311.3 259.1C314.2 248.5 307.8 237.5 297.1 234.7C292.7 233.5 282.7 231.5 276.1 230.3L276.1 224z\"><\/path><\/svg><\/div><div class=\"uagb-ifb-title-wrap\"><\/div><p class=\"uagb-ifb-desc\">Vedno preverite, koliko ste zaslu\u017eili.<\/p><\/div><\/div>\n<\/div>\n<\/div>\n<\/div><\/div>\n\n<p><\/p>\n","protected":false},"excerpt":{"rendered":"<p>Za\u010dnite zaslu\u017eiti danes s Points2Shop<\/p>\n","protected":false},"author":1,"featured_media":0,"parent":0,"menu_order":0,"comment_status":"closed","ping_status":"closed","template":"","meta":{"_uag_custom_page_level_css":"","site-sidebar-layout":"no-sidebar","site-content-layout":"plain-container","ast-site-content-layout":"normal-width-container","site-content-style":"unboxed","site-sidebar-style":"unboxed","ast-global-header-display":"","ast-banner-title-visibility":"","ast-main-header-display":"","ast-hfb-above-header-display":"","ast-hfb-below-header-display":"","ast-hfb-mobile-header-display":"","site-post-title":"disabled","ast-breadcrumbs-content":"","ast-featured-img":"disabled","footer-sml-layout":"","ast-disable-related-posts":"","theme-transparent-header-meta":"disabled","adv-header-id-meta":"","stick-header-meta":"","header-above-stick-meta":"","header-main-stick-meta":"","header-below-stick-meta":"","astra-migrate-meta-layouts":"default","ast-page-background-enabled":"default","ast-page-background-meta":{"desktop":{"background-color":"","background-image":"","background-repeat":"repeat","background-position":"center center","background-size":"auto","background-attachment":"scroll","background-type":"","background-media":"","overlay-type":"","overlay-color":"","overlay-opacity":"","overlay-gradient":""},"tablet":{"background-color":"","background-image":"","background-repeat":"repeat","background-position":"center center","background-size":"auto","background-attachment":"scroll","background-type":"","background-media":"","overlay-type":"","overlay-color":"","overlay-opacity":"","overlay-gradient":""},"mobile":{"background-color":"","background-image":"","background-repeat":"repeat","background-position":"center center","background-size":"auto","background-attachment":"scroll","background-type":"","background-media":"","overlay-type":"","overlay-color":"","overlay-opacity":"","overlay-gradient":""}},"ast-content-background-meta":{"desktop":{"background-color":"var(--ast-global-color-5)","background-image":"","background-repeat":"repeat","background-position":"center center","background-size":"auto","background-attachment":"scroll","background-type":"","background-media":"","overlay-type":"","overlay-color":"","overlay-opacity":"","overlay-gradient":""},"tablet":{"background-color":"var(--ast-global-color-5)","background-image":"","background-repeat":"repeat","background-position":"center center","background-size":"auto","background-attachment":"scroll","background-type":"","background-media":"","overlay-type":"","overlay-color":"","overlay-opacity":"","overlay-gradient":""},"mobile":{"background-color":"var(--ast-global-color-5)","background-image":"","background-repeat":"repeat","background-position":"center center","background-size":"auto","background-attachment":"scroll","background-type":"","background-media":"","overlay-type":"","overlay-color":"","overlay-opacity":"","overlay-gradient":""}},"footnotes":""},"class_list":["post-3695","page","type-page","status-publish","hentry"],"yoast_head":"<!-- This site is optimized with the Yoast SEO plugin v27.3 - https:\/\/yoast.com\/product\/yoast-seo-wordpress\/ -->\n<title>Zaslu\u017ei s pla\u010danimi anketami | Points2Shop<\/title>\n<meta name=\"description\" content=\"Sodelujte v spletnih anketah in zaslu\u017eite denar. Prisluhnite svojemu glasu. Izkoristite darilne bone ali izpla\u010dila prek sistema PayPal.\" \/>\n<meta name=\"robots\" content=\"index, follow, max-snippet:-1, max-image-preview:large, max-video-preview:-1\" \/>\n<link rel=\"canonical\" href=\"https:\/\/www.points2shop.com\/sl\/\" \/>\n<meta property=\"og:locale\" content=\"sl_SI\" \/>\n<meta property=\"og:type\" content=\"article\" \/>\n<meta property=\"og:title\" content=\"Zaslu\u017ei s pla\u010danimi anketami | Points2Shop\" \/>\n<meta property=\"og:description\" content=\"Sodelujte v spletnih anketah in zaslu\u017eite denar. Prisluhnite svojemu glasu. Izkoristite darilne bone ali izpla\u010dila prek sistema PayPal.\" \/>\n<meta property=\"og:url\" content=\"https:\/\/www.points2shop.com\/sl\/\" \/>\n<meta property=\"og:site_name\" content=\"Points2Shop\" \/>\n<meta property=\"article:publisher\" content=\"https:\/\/www.facebook.com\/points2shop\/\" \/>\n<meta property=\"article:modified_time\" content=\"2024-10-21T14:24:08+00:00\" \/>\n<meta name=\"twitter:card\" content=\"summary_large_image\" \/>\n<meta name=\"twitter:label1\" content=\"Est. reading time\" \/>\n\t<meta name=\"twitter:data1\" content=\"1 minuta\" \/>\n<script type=\"application\/ld+json\" class=\"yoast-schema-graph\">{\"@context\":\"https:\\\/\\\/schema.org\",\"@graph\":[{\"@type\":\"WebPage\",\"@id\":\"https:\\\/\\\/www.points2shop.com\\\/sl\\\/\",\"url\":\"https:\\\/\\\/www.points2shop.com\\\/sl\\\/\",\"name\":\"Zaslu\u017ei s pla\u010danimi anketami | Points2Shop\",\"isPartOf\":{\"@id\":\"https:\\\/\\\/www.points2shop.com\\\/sl\\\/#website\"},\"datePublished\":\"2024-09-11T08:55:03+00:00\",\"dateModified\":\"2024-10-21T14:24:08+00:00\",\"description\":\"Sodelujte v spletnih anketah in zaslu\u017eite denar. Prisluhnite svojemu glasu. Izkoristite darilne bone ali izpla\u010dila prek sistema PayPal.\",\"breadcrumb\":{\"@id\":\"https:\\\/\\\/www.points2shop.com\\\/sl\\\/#breadcrumb\"},\"inLanguage\":\"sl-SI\",\"potentialAction\":[{\"@type\":\"ReadAction\",\"target\":[\"https:\\\/\\\/www.points2shop.com\\\/sl\\\/\"]}]},{\"@type\":\"BreadcrumbList\",\"@id\":\"https:\\\/\\\/www.points2shop.com\\\/sl\\\/#breadcrumb\",\"itemListElement\":[{\"@type\":\"ListItem\",\"position\":1,\"name\":\"Home\",\"item\":\"https:\\\/\\\/www.points2shop.com\\\/sl\\\/\"},{\"@type\":\"ListItem\",\"position\":2,\"name\":\"Domov\"}]},{\"@type\":\"WebSite\",\"@id\":\"https:\\\/\\\/www.points2shop.com\\\/sl\\\/#website\",\"url\":\"https:\\\/\\\/www.points2shop.com\\\/sl\\\/\",\"name\":\"Points2Shop\",\"description\":\"Make money with online surveys\",\"publisher\":{\"@id\":\"https:\\\/\\\/www.points2shop.com\\\/sl\\\/#organization\"},\"potentialAction\":[{\"@type\":\"SearchAction\",\"target\":{\"@type\":\"EntryPoint\",\"urlTemplate\":\"https:\\\/\\\/www.points2shop.com\\\/sl\\\/?s={search_term_string}\"},\"query-input\":{\"@type\":\"PropertyValueSpecification\",\"valueRequired\":true,\"valueName\":\"search_term_string\"}}],\"inLanguage\":\"sl-SI\"},{\"@type\":\"Organization\",\"@id\":\"https:\\\/\\\/www.points2shop.com\\\/sl\\\/#organization\",\"name\":\"Points2Shop\",\"url\":\"https:\\\/\\\/www.points2shop.com\\\/sl\\\/\",\"logo\":{\"@type\":\"ImageObject\",\"inLanguage\":\"sl-SI\",\"@id\":\"https:\\\/\\\/www.points2shop.com\\\/sl\\\/#\\\/schema\\\/logo\\\/image\\\/\",\"url\":\"https:\\\/\\\/www.points2shop.com\\\/wp-content\\\/uploads\\\/2024\\\/10\\\/cropped-P2S_logo-transparent.png\",\"contentUrl\":\"https:\\\/\\\/www.points2shop.com\\\/wp-content\\\/uploads\\\/2024\\\/10\\\/cropped-P2S_logo-transparent.png\",\"width\":1292,\"height\":388,\"caption\":\"Points2Shop\"},\"image\":{\"@id\":\"https:\\\/\\\/www.points2shop.com\\\/sl\\\/#\\\/schema\\\/logo\\\/image\\\/\"},\"sameAs\":[\"https:\\\/\\\/www.facebook.com\\\/points2shop\\\/\"]}]}<\/script>\n<!-- \/ Yoast SEO plugin. -->","yoast_head_json":{"title":"Zaslu\u017ei s pla\u010danimi anketami | Points2Shop","description":"Sodelujte v spletnih anketah in zaslu\u017eite denar. Prisluhnite svojemu glasu. Izkoristite darilne bone ali izpla\u010dila prek sistema PayPal.","robots":{"index":"index","follow":"follow","max-snippet":"max-snippet:-1","max-image-preview":"max-image-preview:large","max-video-preview":"max-video-preview:-1"},"canonical":"https:\/\/www.points2shop.com\/sl\/","og_locale":"sl_SI","og_type":"article","og_title":"Zaslu\u017ei s pla\u010danimi anketami | Points2Shop","og_description":"Sodelujte v spletnih anketah in zaslu\u017eite denar. Prisluhnite svojemu glasu. Izkoristite darilne bone ali izpla\u010dila prek sistema PayPal.","og_url":"https:\/\/www.points2shop.com\/sl\/","og_site_name":"Points2Shop","article_publisher":"https:\/\/www.facebook.com\/points2shop\/","article_modified_time":"2024-10-21T14:24:08+00:00","twitter_card":"summary_large_image","twitter_misc":{"Est. reading time":"1 minuta"},"schema":{"@context":"https:\/\/schema.org","@graph":[{"@type":"WebPage","@id":"https:\/\/www.points2shop.com\/sl\/","url":"https:\/\/www.points2shop.com\/sl\/","name":"Zaslu\u017ei s pla\u010danimi anketami | Points2Shop","isPartOf":{"@id":"https:\/\/www.points2shop.com\/sl\/#website"},"datePublished":"2024-09-11T08:55:03+00:00","dateModified":"2024-10-21T14:24:08+00:00","description":"Sodelujte v spletnih anketah in zaslu\u017eite denar. Prisluhnite svojemu glasu. Izkoristite darilne bone ali izpla\u010dila prek sistema PayPal.","breadcrumb":{"@id":"https:\/\/www.points2shop.com\/sl\/#breadcrumb"},"inLanguage":"sl-SI","potentialAction":[{"@type":"ReadAction","target":["https:\/\/www.points2shop.com\/sl\/"]}]},{"@type":"BreadcrumbList","@id":"https:\/\/www.points2shop.com\/sl\/#breadcrumb","itemListElement":[{"@type":"ListItem","position":1,"name":"Home","item":"https:\/\/www.points2shop.com\/sl\/"},{"@type":"ListItem","position":2,"name":"Domov"}]},{"@type":"WebSite","@id":"https:\/\/www.points2shop.com\/sl\/#website","url":"https:\/\/www.points2shop.com\/sl\/","name":"Points2Shop","description":"Make money with online surveys","publisher":{"@id":"https:\/\/www.points2shop.com\/sl\/#organization"},"potentialAction":[{"@type":"SearchAction","target":{"@type":"EntryPoint","urlTemplate":"https:\/\/www.points2shop.com\/sl\/?s={search_term_string}"},"query-input":{"@type":"PropertyValueSpecification","valueRequired":true,"valueName":"search_term_string"}}],"inLanguage":"sl-SI"},{"@type":"Organization","@id":"https:\/\/www.points2shop.com\/sl\/#organization","name":"Points2Shop","url":"https:\/\/www.points2shop.com\/sl\/","logo":{"@type":"ImageObject","inLanguage":"sl-SI","@id":"https:\/\/www.points2shop.com\/sl\/#\/schema\/logo\/image\/","url":"https:\/\/www.points2shop.com\/wp-content\/uploads\/2024\/10\/cropped-P2S_logo-transparent.png","contentUrl":"https:\/\/www.points2shop.com\/wp-content\/uploads\/2024\/10\/cropped-P2S_logo-transparent.png","width":1292,"height":388,"caption":"Points2Shop"},"image":{"@id":"https:\/\/www.points2shop.com\/sl\/#\/schema\/logo\/image\/"},"sameAs":["https:\/\/www.facebook.com\/points2shop\/"]}]}},"uagb_featured_image_src":{"full":false,"thumbnail":false,"medium":false,"medium_large":false,"large":false,"1536x1536":false,"2048x2048":false},"uagb_author_info":{"display_name":"aaron.schoepflin","author_link":"https:\/\/www.points2shop.com\/sl\/author\/aaron-schoepflin\/"},"uagb_comment_info":0,"uagb_excerpt":"Za\u010dnite zaslu\u017eiti danes s Points2Shop","_links":{"self":[{"href":"https:\/\/www.points2shop.com\/sl\/wp-json\/wp\/v2\/pages\/3695","targetHints":{"allow":["GET"]}}],"collection":[{"href":"https:\/\/www.points2shop.com\/sl\/wp-json\/wp\/v2\/pages"}],"about":[{"href":"https:\/\/www.points2shop.com\/sl\/wp-json\/wp\/v2\/types\/page"}],"author":[{"embeddable":true,"href":"https:\/\/www.points2shop.com\/sl\/wp-json\/wp\/v2\/users\/1"}],"replies":[{"embeddable":true,"href":"https:\/\/www.points2shop.com\/sl\/wp-json\/wp\/v2\/comments?post=3695"}],"version-history":[{"count":4,"href":"https:\/\/www.points2shop.com\/sl\/wp-json\/wp\/v2\/pages\/3695\/revisions"}],"predecessor-version":[{"id":5004,"href":"https:\/\/www.points2shop.com\/sl\/wp-json\/wp\/v2\/pages\/3695\/revisions\/5004"}],"wp:attachment":[{"href":"https:\/\/www.points2shop.com\/sl\/wp-json\/wp\/v2\/media?parent=3695"}],"curies":[{"name":"wp","href":"https:\/\/api.w.org\/{rel}","templated":true}]}}