{"id":3089,"date":"2024-08-28T10:29:04","date_gmt":"2024-08-28T08:29:04","guid":{"rendered":"https:\/\/www.points2shop.com\/adatvedelmi-szabalyzat\/"},"modified":"2025-11-14T14:52:27","modified_gmt":"2025-11-14T13:52:27","slug":"adatvedelmi-szabalyzat","status":"publish","type":"page","link":"https:\/\/www.points2shop.com\/hu\/adatvedelmi-szabalyzat\/","title":{"rendered":"Adatv\u00e9delmi szab\u00e1lyzat"},"content":{"rendered":"\n<p><strong>Points2Shop adatv\u00e9delmi nyilatkozat<\/strong><\/p>\n\n<p>Ez az Adatv\u00e9delmi nyilatkozat elmagyar\u00e1zza, hogy a Points2Shop hogyan gy\u0171jti, osztja meg \u00e9s haszn\u00e1lja fel a weboldalunkon (a &#8222;<strong>Weboldal<\/strong>&#8222;) gy\u0171jt\u00f6tt szem\u00e9lyes adatokat.<\/p>\n\n<p>A Cint AB az Oldal \u00fczemeltet\u0151je \u00e9s az \u00d6n szem\u00e9lyes adatainak adatkezel\u0151je.<\/p>\n\n<ol start=\"1\" class=\"wp-block-list\">\n<li><strong>Milyen szem\u00e9lyes adatokat gy\u0171jt\u00fcnk \u00d6nr\u0151l?<\/strong><\/li>\n<\/ol>\n\n<p>Inform\u00e1ci\u00f3kat gy\u0171jt\u00fcnk arr\u00f3l, hogyan haszn\u00e1lja a webhelyet \u00e9s hogyan l\u00e9p kapcsolatba vele, p\u00e9ld\u00e1ul:<\/p>\n\n<ul class=\"wp-block-list\">\n<li>technikai inform\u00e1ci\u00f3k a webhely haszn\u00e1lat\u00e1val kapcsolatban (bele\u00e9rtve az IP-c\u00edm\u00e9t, a webhelyen el\u00e9rt oldalakat, a b\u00f6ng\u00e9sz\u0151 t\u00edpus\u00e1t \u00e9s verzi\u00f3j\u00e1t, az el\u0151nyben r\u00e9szes\u00edtett nyelvet, az eszk\u00f6z t\u00edpus\u00e1t \u00e9s az oper\u00e1ci\u00f3s rendszert, valamint az \u00d6n hivatkoz\u00f3 URL-j\u00e9t (azaz az oldalt, ahonnan \u00d6n meg\u00e9rkezett az oldalra)); \u00e9s<\/li>\n\n\n\n<li>cookie-k \u00e9s m\u00e1s hasonl\u00f3 technol\u00f3gi\u00e1k seg\u00edts\u00e9g\u00e9vel automatikusan gy\u0171jt\u00f6tt inform\u00e1ci\u00f3k (pl. mely oldalakat tekintett\u00e9k meg, \u00e9s milyen tartalommal l\u00e9ptek kapcsolatba).  <\/li>\n<\/ul>\n\n<p>Szem\u00e9lyes adatokat akkor is gy\u0171jt\u00fcnk, amikor \u00d6n k\u00f6zvetlen\u00fcl a Webhely haszn\u00e1lata sor\u00e1n adja meg azokat nek\u00fcnk, bele\u00e9rtve azt is, amikor paneltagg\u00e1 v\u00e1lik, felm\u00e9r\u00e9seket t\u00f6lt ki \u00e9s jutalmakat kap (&#8222;<strong>Panelista adatok<\/strong>&#8222;). A jelen Adatv\u00e9delmi nyilatkozat nem vonatkozik a Panelista adatokra. Ehelyett a Panelista adatokra a Cint Panelista adatv\u00e9delmi ir\u00e1nyelvei vonatkoznak, amelyeket a regisztr\u00e1ci\u00f3kor \u00e9s a fi\u00f3kj\u00e1ba val\u00f3 bejelentkez\u00e9skor adunk meg.  <\/p>\n\n<ol start=\"2\" class=\"wp-block-list\">\n<li><strong>Mire haszn\u00e1ljuk fel ezeket a szem\u00e9lyes adatokat?<\/strong><\/li>\n<\/ol>\n\n<p>Att\u00f3l f\u00fcgg\u0151en, hogy \u00d6n hogyan haszn\u00e1lja Webhely\u00fcnket, milyen interakci\u00f3kat folytat vel\u00fcnk, \u00e9s milyen enged\u00e9lyeket ad nek\u00fcnk, az adatai felhaszn\u00e1l\u00e1s\u00e1nak c\u00e9ljai a k\u00f6vetkez\u0151k:<\/p>\n\n<ul class=\"wp-block-list\">\n<li>A Webhely \u00e9s az azon kereszt\u00fcl el\u00e9rt inform\u00e1ci\u00f3k \u00e9s szolg\u00e1ltat\u00e1sok biztos\u00edt\u00e1sa.<\/li>\n\n\n\n<li>A Webhely fejleszt\u00e9se \u00e9s karbantart\u00e1sa, ide\u00e9rtve a vele val\u00f3 interakci\u00f3 elemz\u00e9s\u00e9t.<\/li>\n\n\n\n<li>Biztons\u00e1gi okokb\u00f3l, csal\u00e1sok felder\u00edt\u00e9s\u00e9re \u00e9s kivizsg\u00e1l\u00e1s\u00e1ra, valamint sz\u00fcks\u00e9g eset\u00e9n saj\u00e1t magunk \u00e9s harmadik felek v\u00e9delm\u00e9re.<\/li>\n\n\n\n<li>T\u00f6rv\u00e9nyi \u00e9s szab\u00e1lyoz\u00e1si k\u00f6telezetts\u00e9geink teljes\u00edt\u00e9se \u00e9rdek\u00e9ben.<\/li>\n<\/ul>\n\n<p>Szem\u00e9lyes adatait csak akkor dolgozzuk fel, ha erre t\u00f6rv\u00e9nyes alapunk van, \u00e9s ezt a szem\u00e9lyes adatok feldolgoz\u00e1s\u00e1nak c\u00e9lja hat\u00e1rozza meg. Jellemz\u0151en az al\u00e1bbi jogalapok valamelyike alapj\u00e1n dolgozzuk fel az \u00d6n szem\u00e9lyes adatait: <\/p>\n\n<ul class=\"wp-block-list\">\n<li>Mert sz\u00fcks\u00e9ges egy \u00d6nnel k\u00f6t\u00f6tt szerz\u0151d\u00e9s\u00fcnk teljes\u00edt\u00e9se, vagy az \u00d6n \u00e1ltal k\u00e9rt oldal k\u00e9zbes\u00edt\u00e9se az Oldalon.<\/li>\n\n\n\n<li>Mert ez jogos \u00e9rdek\u00fcnkben \u00e1ll (\u00e9s ezeket az \u00e9rdekeket nem \u00edrja fel\u00fcl az \u00d6n mag\u00e1n\u00e9let\u00e9re vagy egy\u00e9b jogaira gyakorolt hat\u00e1s). Jogos \u00e9rdekeink k\u00f6z\u00e9 tartozik a Honlap karbantart\u00e1sa, jav\u00edt\u00e1sa \u00e9s biztons\u00e1ga, a Honlap haszn\u00e1lat\u00e1nak meg\u00e9rt\u00e9se \u00e9s szolg\u00e1ltat\u00e1saink \u00e9rt\u00e9kes\u00edt\u00e9se. <\/li>\n\n\n\n<li>Mert erre t\u00f6rv\u00e9nyi k\u00f6telezetts\u00e9g\u00fcnk van.<\/li>\n\n\n\n<li>Mert megkaptuk a beleegyez\u00e9s\u00e9t.<\/li>\n<\/ul>\n\n<ol start=\"3\" class=\"wp-block-list\">\n<li><strong>Marketingkommunik\u00e1ci\u00f3  <\/strong><\/li>\n<\/ol>\n\n<p>K\u00fcldhet\u00fcnk \u00d6nnek h\u00edrleveleket \u00e9s marketinganyagokat term\u00e9keinkr\u0151l, szolg\u00e1ltat\u00e1sainkr\u00f3l \u00e9s partnereinkr\u0151l, amennyiben \u00d6n ezt enged\u00e9lyezte, vagy amennyiben a t\u00f6rv\u00e9ny egy\u00e9bk\u00e9nt megengedi. Ha a tov\u00e1bbiakban nem k\u00edv\u00e1n ilyen \u00fczeneteket kapni, b\u00e1rmikor megv\u00e1ltoztathatja be\u00e1ll\u00edt\u00e1sait a privacy@cint.com e-mail c\u00edmen, vagy b\u00e1rmelyik e-mailben a &#8222;leiratkoz\u00e1s&#8221; linkre kattintva. Ha leiratkozik a marketingr\u0151l, k\u00e9rj\u00fck, vegye figyelembe, hogy id\u0151r\u0151l id\u0151re tov\u00e1bbra is felvehetj\u00fck \u00d6nnel a kapcsolatot szolg\u00e1ltat\u00e1si \u00fczenetekkel.  <\/p>\n\n<ol start=\"4\" class=\"wp-block-list\">\n<li><strong>Kivel osztjuk meg ezeket a szem\u00e9lyes adatokat?<\/strong><\/li>\n<\/ol>\n\n<p>A szem\u00e9lyes adatokat az al\u00e1bbi esetekben oszthatjuk meg harmadik felekkel:<\/p>\n\n<ul class=\"wp-block-list\">\n<li>A Cint, egy glob\u00e1lis v\u00e1llalatcsoport r\u00e9sze vagyunk, amely k\u00fcl\u00f6nb\u00f6z\u0151 m\u0171veleteket \u00e9s \u00fczleti folyamatokat oszt meg. Ennek megfelel\u0151en el\u0151fordulhat, hogy meg kell osztanunk az \u00d6n szem\u00e9lyes adatait a Cint csoport m\u00e1s v\u00e1llalataival.   <\/li>\n\n\n\n<li>Ahol harmadik f\u00e9l szolg\u00e1ltat\u00f3t vesz\u00fcnk ig\u00e9nybe adatfeldolgoz\u00e1ssal j\u00e1r\u00f3 szolg\u00e1ltat\u00e1sok ny\u00fajt\u00e1s\u00e1ra (bele\u00e9rtve a Webhely \u00fczemeltet\u00e9s\u00e9t).  <\/li>\n\n\n\n<li>Ha jogaink, tulajdonunk vagy \u00e9rdekeink v\u00e9delme \u00e9rdek\u00e9ben jogi tan\u00e1csot kell k\u00e9rn\u00fcnk, megoszthatjuk az inform\u00e1ci\u00f3kat jogi \u00e9s egy\u00e9b k\u00fcls\u0151 tan\u00e1csad\u00f3inkkal.<\/li>\n\n\n\n<li>Ha jogi vagy szab\u00e1lyoz\u00e1si k\u00f6telezetts\u00e9g\u00fcnk van az \u00d6n szem\u00e9lyes adatainak k\u00f6zl\u00e9s\u00e9re, vagy c\u00e9g\u00fcnk, \u00fcgyfeleink vagy m\u00e1sok jogainak, tulajdon\u00e1nak vagy biztons\u00e1g\u00e1nak v\u00e9delm\u00e9re.  <\/li>\n\n\n\n<li>Ha c\u00e9g\u00fcnket vagy t\u00e1rsas\u00e1gunk vagyon\u00e1nak l\u00e9nyeg\u00e9ben teljes eg\u00e9sz\u00e9t beolvasztja vagy harmadik f\u00e9l megv\u00e1s\u00e1rolja, az \u00d6n szem\u00e9lyes adatai az \u00e1tadott vagy \u00f6sszevont vagyon r\u00e9sz\u00e9t k\u00e9pezhetik.<\/li>\n<\/ul>\n\n<ol start=\"5\" class=\"wp-block-list\">\n<li><strong>T\u00e1rol\u00e1s \u00e9s meg\u0151rz\u00e9s<\/strong><\/li>\n<\/ol>\n\n<p>Megoszthatjuk az inform\u00e1ci\u00f3kat a Cint csoport m\u00e1s v\u00e1llalataival. A vil\u00e1g k\u00fcl\u00f6nb\u00f6z\u0151 pontjain m\u0171k\u00f6d\u0151 szolg\u00e1ltat\u00f3kat is ig\u00e9nybe vesz\u00fcnk. K\u00f6vetkez\u00e9sk\u00e9ppen az \u00d6n szem\u00e9lyes adatai feldolgoz\u00e1sra ker\u00fclhetnek olyan orsz\u00e1gokban is, amelyek nem tartoznak ahhoz a joghat\u00f3s\u00e1ghoz, ahol \u00d6n a Webhelyet haszn\u00e1lja. Ha \u00d6n az Egyes\u00fclt Kir\u00e1lys\u00e1gban \u00e9s Eur\u00f3p\u00e1ban \u00e9l, ez azt jelenti, hogy az \u00d6n adatait olyan orsz\u00e1gokba tov\u00e1bb\u00edthatjuk, ahol a szem\u00e9lyes adatokkal kapcsolatban kevesebb joggal rendelkezhet, mint a helyi jogszab\u00e1lyok szerint.   <\/p>\n\n<p>Ha szem\u00e9lyes adatokat tov\u00e1bb\u00edtunk az Egyes\u00fclt Kir\u00e1lys\u00e1gon vagy az Eur\u00f3pai Gazdas\u00e1gi T\u00e9rs\u00e9gen k\u00edv\u00fclre, akkor az alkalmazand\u00f3 jogszab\u00e1lyok \u00e1ltal el\u0151\u00edrtak szerint megtessz\u00fck a megfelel\u0151 l\u00e9p\u00e9seket annak biztos\u00edt\u00e1s\u00e1ra, hogy az \u00d6n adatv\u00e9delmi jogai megfelel\u0151 v\u00e9delmet \u00e9lvezzenek. K\u00e9rj\u00fck, vegye fel vel\u00fcnk a kapcsolatot, ha tov\u00e1bbi inform\u00e1ci\u00f3kat szeretne kapni ezekr\u0151l a biztos\u00edt\u00e9kokr\u00f3l. <\/p>\n\n<p>Szem\u00e9lyes adatait addig \u0151rizz\u00fck meg, ameddig t\u00f6rv\u00e9nyes \u00fczleti c\u00e9ljaink megval\u00f3s\u00edt\u00e1s\u00e1hoz sz\u00fcks\u00e9g\u00fcnk van r\u00e1juk (a fenti \u201e <strong>Mire haszn\u00e1ljuk ezeket a szem\u00e9lyes adatokat?<\/strong> \u201d r\u00e9szben le\u00edrtak szerint), \u00edgy ez az id\u0151tartam a vel\u00fcnk folytatott interakci\u00f3kt\u00f3l f\u00fcgg\u0151en v\u00e1ltozik.<\/p>\n\n<ol start=\"6\" class=\"wp-block-list\">\n<li><strong>Cookie-k<\/strong><\/li>\n<\/ol>\n\n<p>Cookie-kat \u00e9s hasonl\u00f3 technol\u00f3gi\u00e1kat haszn\u00e1lunk a Webhely bizonyos funkcionalit\u00e1s\u00e1nak biztos\u00edt\u00e1s\u00e1ra, valamint a Webhely teljes\u00edtm\u00e9ny\u00e9nek meg\u00e9rt\u00e9s\u00e9re \u00e9s m\u00e9r\u00e9s\u00e9re.<\/p>\n\n<ol start=\"7\" class=\"wp-block-list\">\n<li><strong>Az \u00d6n jogai<\/strong><\/li>\n<\/ol>\n\n<p>Att\u00f3l f\u00fcgg\u0151en, hogy \u00d6n melyik orsz\u00e1gban tart\u00f3zkodik, bizonyos jogai lehetnek a szem\u00e9lyes adatai tekintet\u00e9ben, bele\u00e9rtve az adatokhoz val\u00f3 hozz\u00e1f\u00e9r\u00e9s, azok helyesb\u00edt\u00e9se \u00e9s t\u00f6rl\u00e9s\u00e9nek k\u00e9r\u00e9se jog\u00e1t. Jog\u00e1ban \u00e1llhat tov\u00e1bb\u00e1 tiltakozni szem\u00e9lyes adatainak bizonyos c\u00e9lokra t\u00f6rt\u00e9n\u0151 felhaszn\u00e1l\u00e1sa ellen. <\/p>\n\n<p>Az alkalmazand\u00f3 joggal \u00f6sszhangban eleget tesz\u00fcnk az \u00d6n jogainak gyakorl\u00e1s\u00e1ra vonatkoz\u00f3 k\u00e9r\u00e9seknek. Felh\u00edvjuk azonban figyelm\u00e9t, hogy e jogoknak sz\u00e1mos korl\u00e1toz\u00e1sa van, \u00e9s el\u0151fordulhat, hogy bizonyos k\u00f6r\u00fclm\u00e9nyek k\u00f6z\u00f6tt nem tudunk eleget tenni az \u00d6n k\u00e9r\u00e9s\u00e9nek. Ha szem\u00e9lyes adataival kapcsolatos b\u00e1rmilyen k\u00e9r\u00e9st szeretne beny\u00fajtani, vagy ha b\u00e1rmilyen k\u00e9rd\u00e9se vagy agg\u00e1lya van a szem\u00e9lyes adataival kapcsolatban, az al\u00e1bbi el\u00e9rhet\u0151s\u00e9geken l\u00e9pjen kapcsolatba vel\u00fcnk. Jogosult lehet arra is, hogy a helyi adatv\u00e9delmi fel\u00fcgyeleti hat\u00f3s\u00e1ghoz forduljon.   <\/p>\n\n<ol start=\"8\" class=\"wp-block-list\">\n<li><strong>L\u00e9pjen kapcsolatba vel\u00fcnk<\/strong><\/li>\n<\/ol>\n\n<p>Ha b\u00e1rmilyen k\u00e9rd\u00e9se van az Adatv\u00e9delmi nyilatkozatunkkal kapcsolatban, k\u00e9rj\u00fck, l\u00e9pjen vel\u00fcnk kapcsolatba a privacy@cint.com c\u00edmen.<\/p>\n","protected":false},"excerpt":{"rendered":"<p>Points2Shop adatv\u00e9delmi nyilatkozat Ez az Adatv\u00e9delmi nyilatkozat elmagyar\u00e1zza, hogy a Points2Shop hogyan gy\u0171jti, osztja meg \u00e9s haszn\u00e1lja fel a weboldalunkon (a &#8222;Weboldal&#8222;) gy\u0171jt\u00f6tt szem\u00e9lyes adatokat. A Cint AB az Oldal \u00fczemeltet\u0151je \u00e9s az \u00d6n szem\u00e9lyes adatainak adatkezel\u0151je. Inform\u00e1ci\u00f3kat gy\u0171jt\u00fcnk arr\u00f3l, hogyan haszn\u00e1lja a webhelyet \u00e9s hogyan l\u00e9p kapcsolatba vele, p\u00e9ld\u00e1ul: Szem\u00e9lyes adatokat akkor is gy\u0171jt\u00fcnk, [&hellip;]<\/p>\n","protected":false},"author":1,"featured_media":0,"parent":0,"menu_order":0,"comment_status":"closed","ping_status":"open","template":"","meta":{"_uag_custom_page_level_css":"","site-sidebar-layout":"default","site-content-layout":"","ast-site-content-layout":"default","site-content-style":"default","site-sidebar-style":"default","ast-global-header-display":"","ast-banner-title-visibility":"","ast-main-header-display":"","ast-hfb-above-header-display":"","ast-hfb-below-header-display":"","ast-hfb-mobile-header-display":"","site-post-title":"disabled","ast-breadcrumbs-content":"","ast-featured-img":"","footer-sml-layout":"","ast-disable-related-posts":"","theme-transparent-header-meta":"","adv-header-id-meta":"","stick-header-meta":"","header-above-stick-meta":"","header-main-stick-meta":"","header-below-stick-meta":"","astra-migrate-meta-layouts":"default","ast-page-background-enabled":"default","ast-page-background-meta":{"desktop":{"background-color":"","background-image":"","background-repeat":"repeat","background-position":"center center","background-size":"auto","background-attachment":"scroll","background-type":"","background-media":"","overlay-type":"","overlay-color":"","overlay-opacity":"","overlay-gradient":""},"tablet":{"background-color":"","background-image":"","background-repeat":"repeat","background-position":"center center","background-size":"auto","background-attachment":"scroll","background-type":"","background-media":"","overlay-type":"","overlay-color":"","overlay-opacity":"","overlay-gradient":""},"mobile":{"background-color":"","background-image":"","background-repeat":"repeat","background-position":"center center","background-size":"auto","background-attachment":"scroll","background-type":"","background-media":"","overlay-type":"","overlay-color":"","overlay-opacity":"","overlay-gradient":""}},"ast-content-background-meta":{"desktop":{"background-color":"var(--ast-global-color-5)","background-image":"","background-repeat":"repeat","background-position":"center center","background-size":"auto","background-attachment":"scroll","background-type":"","background-media":"","overlay-type":"","overlay-color":"","overlay-opacity":"","overlay-gradient":""},"tablet":{"background-color":"var(--ast-global-color-5)","background-image":"","background-repeat":"repeat","background-position":"center center","background-size":"auto","background-attachment":"scroll","background-type":"","background-media":"","overlay-type":"","overlay-color":"","overlay-opacity":"","overlay-gradient":""},"mobile":{"background-color":"var(--ast-global-color-5)","background-image":"","background-repeat":"repeat","background-position":"center center","background-size":"auto","background-attachment":"scroll","background-type":"","background-media":"","overlay-type":"","overlay-color":"","overlay-opacity":"","overlay-gradient":""}},"footnotes":""},"class_list":["post-3089","page","type-page","status-publish","hentry"],"yoast_head":"<!-- This site is optimized with the Yoast SEO plugin v27.3 - https:\/\/yoast.com\/product\/yoast-seo-wordpress\/ -->\n<title>Adatv\u00e9delmi szab\u00e1lyzat | Points2Shop<\/title>\n<meta name=\"robots\" content=\"index, follow, max-snippet:-1, max-image-preview:large, max-video-preview:-1\" \/>\n<link rel=\"canonical\" href=\"https:\/\/www.points2shop.com\/hu\/adatvedelmi-szabalyzat\/\" \/>\n<meta property=\"og:locale\" content=\"hu_HU\" \/>\n<meta property=\"og:type\" content=\"article\" \/>\n<meta property=\"og:title\" content=\"Adatv\u00e9delmi szab\u00e1lyzat | Points2Shop\" \/>\n<meta property=\"og:description\" content=\"Points2Shop adatv\u00e9delmi nyilatkozat Ez az Adatv\u00e9delmi nyilatkozat elmagyar\u00e1zza, hogy a Points2Shop hogyan gy\u0171jti, osztja meg \u00e9s haszn\u00e1lja fel a weboldalunkon (a &#8222;Weboldal&#8222;) gy\u0171jt\u00f6tt szem\u00e9lyes adatokat. A Cint AB az Oldal \u00fczemeltet\u0151je \u00e9s az \u00d6n szem\u00e9lyes adatainak adatkezel\u0151je. Inform\u00e1ci\u00f3kat gy\u0171jt\u00fcnk arr\u00f3l, hogyan haszn\u00e1lja a webhelyet \u00e9s hogyan l\u00e9p kapcsolatba vele, p\u00e9ld\u00e1ul: Szem\u00e9lyes adatokat akkor is gy\u0171jt\u00fcnk, [&hellip;]\" \/>\n<meta property=\"og:url\" content=\"https:\/\/www.points2shop.com\/hu\/adatvedelmi-szabalyzat\/\" \/>\n<meta property=\"og:site_name\" content=\"Points2Shop\" \/>\n<meta property=\"article:publisher\" content=\"https:\/\/www.facebook.com\/points2shop\/\" \/>\n<meta property=\"article:modified_time\" content=\"2025-11-14T13:52:27+00:00\" \/>\n<meta name=\"twitter:card\" content=\"summary_large_image\" \/>\n<meta name=\"twitter:label1\" content=\"Becs\u00fclt olvas\u00e1si id\u0151\" \/>\n\t<meta name=\"twitter:data1\" content=\"7 perc\" \/>\n<script type=\"application\/ld+json\" class=\"yoast-schema-graph\">{\"@context\":\"https:\\\/\\\/schema.org\",\"@graph\":[{\"@type\":\"WebPage\",\"@id\":\"https:\\\/\\\/www.points2shop.com\\\/hu\\\/adatvedelmi-szabalyzat\\\/\",\"url\":\"https:\\\/\\\/www.points2shop.com\\\/hu\\\/adatvedelmi-szabalyzat\\\/\",\"name\":\"Adatv\u00e9delmi szab\u00e1lyzat | Points2Shop\",\"isPartOf\":{\"@id\":\"https:\\\/\\\/www.points2shop.com\\\/hu\\\/#website\"},\"datePublished\":\"2024-08-28T08:29:04+00:00\",\"dateModified\":\"2025-11-14T13:52:27+00:00\",\"breadcrumb\":{\"@id\":\"https:\\\/\\\/www.points2shop.com\\\/hu\\\/adatvedelmi-szabalyzat\\\/#breadcrumb\"},\"inLanguage\":\"hu\",\"potentialAction\":[{\"@type\":\"ReadAction\",\"target\":[\"https:\\\/\\\/www.points2shop.com\\\/hu\\\/adatvedelmi-szabalyzat\\\/\"]}]},{\"@type\":\"BreadcrumbList\",\"@id\":\"https:\\\/\\\/www.points2shop.com\\\/hu\\\/adatvedelmi-szabalyzat\\\/#breadcrumb\",\"itemListElement\":[{\"@type\":\"ListItem\",\"position\":1,\"name\":\"Home\",\"item\":\"https:\\\/\\\/www.points2shop.com\\\/hu\\\/\"},{\"@type\":\"ListItem\",\"position\":2,\"name\":\"Adatv\u00e9delmi szab\u00e1lyzat\"}]},{\"@type\":\"WebSite\",\"@id\":\"https:\\\/\\\/www.points2shop.com\\\/hu\\\/#website\",\"url\":\"https:\\\/\\\/www.points2shop.com\\\/hu\\\/\",\"name\":\"Points2Shop\",\"description\":\"Make money with online surveys\",\"publisher\":{\"@id\":\"https:\\\/\\\/www.points2shop.com\\\/hu\\\/#organization\"},\"potentialAction\":[{\"@type\":\"SearchAction\",\"target\":{\"@type\":\"EntryPoint\",\"urlTemplate\":\"https:\\\/\\\/www.points2shop.com\\\/hu\\\/?s={search_term_string}\"},\"query-input\":{\"@type\":\"PropertyValueSpecification\",\"valueRequired\":true,\"valueName\":\"search_term_string\"}}],\"inLanguage\":\"hu\"},{\"@type\":\"Organization\",\"@id\":\"https:\\\/\\\/www.points2shop.com\\\/hu\\\/#organization\",\"name\":\"Points2Shop\",\"url\":\"https:\\\/\\\/www.points2shop.com\\\/hu\\\/\",\"logo\":{\"@type\":\"ImageObject\",\"inLanguage\":\"hu\",\"@id\":\"https:\\\/\\\/www.points2shop.com\\\/hu\\\/#\\\/schema\\\/logo\\\/image\\\/\",\"url\":\"https:\\\/\\\/www.points2shop.com\\\/wp-content\\\/uploads\\\/2024\\\/10\\\/cropped-P2S_logo-transparent.png\",\"contentUrl\":\"https:\\\/\\\/www.points2shop.com\\\/wp-content\\\/uploads\\\/2024\\\/10\\\/cropped-P2S_logo-transparent.png\",\"width\":1292,\"height\":388,\"caption\":\"Points2Shop\"},\"image\":{\"@id\":\"https:\\\/\\\/www.points2shop.com\\\/hu\\\/#\\\/schema\\\/logo\\\/image\\\/\"},\"sameAs\":[\"https:\\\/\\\/www.facebook.com\\\/points2shop\\\/\"]}]}<\/script>\n<!-- \/ Yoast SEO plugin. -->","yoast_head_json":{"title":"Adatv\u00e9delmi szab\u00e1lyzat | Points2Shop","robots":{"index":"index","follow":"follow","max-snippet":"max-snippet:-1","max-image-preview":"max-image-preview:large","max-video-preview":"max-video-preview:-1"},"canonical":"https:\/\/www.points2shop.com\/hu\/adatvedelmi-szabalyzat\/","og_locale":"hu_HU","og_type":"article","og_title":"Adatv\u00e9delmi szab\u00e1lyzat | Points2Shop","og_description":"Points2Shop adatv\u00e9delmi nyilatkozat Ez az Adatv\u00e9delmi nyilatkozat elmagyar\u00e1zza, hogy a Points2Shop hogyan gy\u0171jti, osztja meg \u00e9s haszn\u00e1lja fel a weboldalunkon (a &#8222;Weboldal&#8222;) gy\u0171jt\u00f6tt szem\u00e9lyes adatokat. A Cint AB az Oldal \u00fczemeltet\u0151je \u00e9s az \u00d6n szem\u00e9lyes adatainak adatkezel\u0151je. Inform\u00e1ci\u00f3kat gy\u0171jt\u00fcnk arr\u00f3l, hogyan haszn\u00e1lja a webhelyet \u00e9s hogyan l\u00e9p kapcsolatba vele, p\u00e9ld\u00e1ul: Szem\u00e9lyes adatokat akkor is gy\u0171jt\u00fcnk, [&hellip;]","og_url":"https:\/\/www.points2shop.com\/hu\/adatvedelmi-szabalyzat\/","og_site_name":"Points2Shop","article_publisher":"https:\/\/www.facebook.com\/points2shop\/","article_modified_time":"2025-11-14T13:52:27+00:00","twitter_card":"summary_large_image","twitter_misc":{"Becs\u00fclt olvas\u00e1si id\u0151":"7 perc"},"schema":{"@context":"https:\/\/schema.org","@graph":[{"@type":"WebPage","@id":"https:\/\/www.points2shop.com\/hu\/adatvedelmi-szabalyzat\/","url":"https:\/\/www.points2shop.com\/hu\/adatvedelmi-szabalyzat\/","name":"Adatv\u00e9delmi szab\u00e1lyzat | Points2Shop","isPartOf":{"@id":"https:\/\/www.points2shop.com\/hu\/#website"},"datePublished":"2024-08-28T08:29:04+00:00","dateModified":"2025-11-14T13:52:27+00:00","breadcrumb":{"@id":"https:\/\/www.points2shop.com\/hu\/adatvedelmi-szabalyzat\/#breadcrumb"},"inLanguage":"hu","potentialAction":[{"@type":"ReadAction","target":["https:\/\/www.points2shop.com\/hu\/adatvedelmi-szabalyzat\/"]}]},{"@type":"BreadcrumbList","@id":"https:\/\/www.points2shop.com\/hu\/adatvedelmi-szabalyzat\/#breadcrumb","itemListElement":[{"@type":"ListItem","position":1,"name":"Home","item":"https:\/\/www.points2shop.com\/hu\/"},{"@type":"ListItem","position":2,"name":"Adatv\u00e9delmi szab\u00e1lyzat"}]},{"@type":"WebSite","@id":"https:\/\/www.points2shop.com\/hu\/#website","url":"https:\/\/www.points2shop.com\/hu\/","name":"Points2Shop","description":"Make money with online surveys","publisher":{"@id":"https:\/\/www.points2shop.com\/hu\/#organization"},"potentialAction":[{"@type":"SearchAction","target":{"@type":"EntryPoint","urlTemplate":"https:\/\/www.points2shop.com\/hu\/?s={search_term_string}"},"query-input":{"@type":"PropertyValueSpecification","valueRequired":true,"valueName":"search_term_string"}}],"inLanguage":"hu"},{"@type":"Organization","@id":"https:\/\/www.points2shop.com\/hu\/#organization","name":"Points2Shop","url":"https:\/\/www.points2shop.com\/hu\/","logo":{"@type":"ImageObject","inLanguage":"hu","@id":"https:\/\/www.points2shop.com\/hu\/#\/schema\/logo\/image\/","url":"https:\/\/www.points2shop.com\/wp-content\/uploads\/2024\/10\/cropped-P2S_logo-transparent.png","contentUrl":"https:\/\/www.points2shop.com\/wp-content\/uploads\/2024\/10\/cropped-P2S_logo-transparent.png","width":1292,"height":388,"caption":"Points2Shop"},"image":{"@id":"https:\/\/www.points2shop.com\/hu\/#\/schema\/logo\/image\/"},"sameAs":["https:\/\/www.facebook.com\/points2shop\/"]}]}},"uagb_featured_image_src":{"full":false,"thumbnail":false,"medium":false,"medium_large":false,"large":false,"1536x1536":false,"2048x2048":false},"uagb_author_info":{"display_name":"aaron.schoepflin","author_link":"https:\/\/www.points2shop.com\/hu\/author\/aaron-schoepflin\/"},"uagb_comment_info":0,"uagb_excerpt":"Points2Shop adatv\u00e9delmi nyilatkozat Ez az Adatv\u00e9delmi nyilatkozat elmagyar\u00e1zza, hogy a Points2Shop hogyan gy\u0171jti, osztja meg \u00e9s haszn\u00e1lja fel a weboldalunkon (a &#8222;Weboldal&#8222;) gy\u0171jt\u00f6tt szem\u00e9lyes adatokat. A Cint AB az Oldal \u00fczemeltet\u0151je \u00e9s az \u00d6n szem\u00e9lyes adatainak adatkezel\u0151je. Inform\u00e1ci\u00f3kat gy\u0171jt\u00fcnk arr\u00f3l, hogyan haszn\u00e1lja a webhelyet \u00e9s hogyan l\u00e9p kapcsolatba vele, p\u00e9ld\u00e1ul: Szem\u00e9lyes adatokat akkor is gy\u0171jt\u00fcnk,&hellip;","_links":{"self":[{"href":"https:\/\/www.points2shop.com\/hu\/wp-json\/wp\/v2\/pages\/3089","targetHints":{"allow":["GET"]}}],"collection":[{"href":"https:\/\/www.points2shop.com\/hu\/wp-json\/wp\/v2\/pages"}],"about":[{"href":"https:\/\/www.points2shop.com\/hu\/wp-json\/wp\/v2\/types\/page"}],"author":[{"embeddable":true,"href":"https:\/\/www.points2shop.com\/hu\/wp-json\/wp\/v2\/users\/1"}],"replies":[{"embeddable":true,"href":"https:\/\/www.points2shop.com\/hu\/wp-json\/wp\/v2\/comments?post=3089"}],"version-history":[{"count":4,"href":"https:\/\/www.points2shop.com\/hu\/wp-json\/wp\/v2\/pages\/3089\/revisions"}],"predecessor-version":[{"id":5398,"href":"https:\/\/www.points2shop.com\/hu\/wp-json\/wp\/v2\/pages\/3089\/revisions\/5398"}],"wp:attachment":[{"href":"https:\/\/www.points2shop.com\/hu\/wp-json\/wp\/v2\/media?parent=3089"}],"curies":[{"name":"wp","href":"https:\/\/api.w.org\/{rel}","templated":true}]}}